{"id":108,"date":"2022-03-19T12:39:37","date_gmt":"2022-03-19T12:39:37","guid":{"rendered":"https:\/\/www.ubm14.com\/?page_id=108"},"modified":"2023-07-17T08:07:27","modified_gmt":"2023-07-17T05:07:27","slug":"anydesk","status":"publish","type":"page","link":"https:\/\/www.ubm14.com\/?page_id=108","title":{"rendered":"Anydesk"},"content":{"rendered":"\n<p><\/p>\n\n\n\n<p>AnyDesk; Windows, Linux, MacOS, iOS ve Android i\u015fetim sistemine sahip cihazlar\u0131n uzaktan kontrol edilmesini sa\u011flayan ara\u00e7t\u0131r. Temelde iki bilgisayar\u0131 birbirine ba\u011flar ve bir di\u011ferinin ekran\u0131n\u0131 yans\u0131t\u0131rarak cihaz \u00fczerinde tam kontrole sahip olunmas\u0131n\u0131 sa\u011flar.<\/p>\n\n\n<div class=\"wp-block-image\">\n<figure class=\"aligncenter is-resized\"><a href=\"https:\/\/anydesk.com\/tr\/downloads\" target=\"_blank\" rel=\"noopener\"><img loading=\"lazy\" decoding=\"async\" src=\"https:\/\/anydesk.com\/_static\/img\/logos\/anydesk-logo-40fe6c.svg\" alt=\"\" width=\"153\" height=\"28\"\/><\/a><figcaption class=\"wp-element-caption\"><br><mark style=\"background-color:rgba(0, 0, 0, 0)\" class=\"has-inline-color has-vivid-cyan-blue-color\"><a href=\"https:\/\/anydesk.com\/tr\/downloads\">Anydesk&#8217;i indirmek i\u00e7in t\u0131klay\u0131n\u0131z!<\/a><\/mark><\/figcaption><\/figure>\n<\/div>\n\n\n<p><\/p>\n\n\n\n<p><\/p>\n","protected":false},"excerpt":{"rendered":"<p>AnyDesk; Windows, Linux, MacOS, iOS ve Android i\u015fetim sistemine sahip cihazlar\u0131n uzaktan kontrol edilmesini sa\u011flayan ara\u00e7t\u0131r. Temelde iki bilgisayar\u0131 birbirine ba\u011flar ve bir di\u011ferinin ekran\u0131n\u0131 yans\u0131t\u0131rarak cihaz \u00fczerinde tam kontrole sahip olunmas\u0131n\u0131 sa\u011flar.<\/p>\n","protected":false},"author":1,"featured_media":0,"parent":0,"menu_order":0,"comment_status":"closed","ping_status":"closed","template":"","meta":{"_joinchat":[],"footnotes":""},"class_list":["post-108","page","type-page","status-publish","hentry"],"_links":{"self":[{"href":"https:\/\/www.ubm14.com\/index.php?rest_route=\/wp\/v2\/pages\/108","targetHints":{"allow":["GET"]}}],"collection":[{"href":"https:\/\/www.ubm14.com\/index.php?rest_route=\/wp\/v2\/pages"}],"about":[{"href":"https:\/\/www.ubm14.com\/index.php?rest_route=\/wp\/v2\/types\/page"}],"author":[{"embeddable":true,"href":"https:\/\/www.ubm14.com\/index.php?rest_route=\/wp\/v2\/users\/1"}],"replies":[{"embeddable":true,"href":"https:\/\/www.ubm14.com\/index.php?rest_route=%2Fwp%2Fv2%2Fcomments&post=108"}],"version-history":[{"count":5,"href":"https:\/\/www.ubm14.com\/index.php?rest_route=\/wp\/v2\/pages\/108\/revisions"}],"predecessor-version":[{"id":658,"href":"https:\/\/www.ubm14.com\/index.php?rest_route=\/wp\/v2\/pages\/108\/revisions\/658"}],"wp:attachment":[{"href":"https:\/\/www.ubm14.com\/index.php?rest_route=%2Fwp%2Fv2%2Fmedia&parent=108"}],"curies":[{"name":"wp","href":"https:\/\/api.w.org\/{rel}","templated":true}]}}