{"id":19,"date":"2021-09-04T12:42:06","date_gmt":"2021-09-04T12:42:06","guid":{"rendered":"http:\/\/www.ubm14.com\/?page_id=6"},"modified":"2023-03-30T01:20:05","modified_gmt":"2023-03-29T22:20:05","slug":"hakkimizda","status":"publish","type":"page","link":"https:\/\/www.ubm14.com\/?page_id=19","title":{"rendered":"Hakk\u0131m\u0131zda"},"content":{"rendered":"\n<p>ULUDA\u011e B\u00dcRO MAK\u0130NELER\u0130 olarak BOLU ve \u00e7evresinde fotokopi, yaz\u0131c\u0131 ve faks sat\u0131\u015f, teknik servis, bak\u0131m, toner dolum hizmetleri vermekteyiz.<\/p>\n","protected":false},"excerpt":{"rendered":"<p>ULUDA\u011e B\u00dcRO MAK\u0130NELER\u0130 olarak BOLU ve \u00e7evresinde fotokopi, yaz\u0131c\u0131 ve faks sat\u0131\u015f, teknik servis, bak\u0131m, toner dolum hizmetleri vermekteyiz.<\/p>\n","protected":false},"author":1,"featured_media":0,"parent":0,"menu_order":0,"comment_status":"closed","ping_status":"closed","template":"","meta":{"_joinchat":[],"footnotes":""},"class_list":["post-19","page","type-page","status-publish","hentry"],"_links":{"self":[{"href":"https:\/\/www.ubm14.com\/index.php?rest_route=\/wp\/v2\/pages\/19","targetHints":{"allow":["GET"]}}],"collection":[{"href":"https:\/\/www.ubm14.com\/index.php?rest_route=\/wp\/v2\/pages"}],"about":[{"href":"https:\/\/www.ubm14.com\/index.php?rest_route=\/wp\/v2\/types\/page"}],"author":[{"embeddable":true,"href":"https:\/\/www.ubm14.com\/index.php?rest_route=\/wp\/v2\/users\/1"}],"replies":[{"embeddable":true,"href":"https:\/\/www.ubm14.com\/index.php?rest_route=%2Fwp%2Fv2%2Fcomments&post=19"}],"version-history":[{"count":1,"href":"https:\/\/www.ubm14.com\/index.php?rest_route=\/wp\/v2\/pages\/19\/revisions"}],"predecessor-version":[{"id":567,"href":"https:\/\/www.ubm14.com\/index.php?rest_route=\/wp\/v2\/pages\/19\/revisions\/567"}],"wp:attachment":[{"href":"https:\/\/www.ubm14.com\/index.php?rest_route=%2Fwp%2Fv2%2Fmedia&parent=19"}],"curies":[{"name":"wp","href":"https:\/\/api.w.org\/{rel}","templated":true}]}}