{"id":278,"date":"2022-10-14T12:36:17","date_gmt":"2022-10-14T09:36:17","guid":{"rendered":"https:\/\/www.ubm14.com\/?page_id=278"},"modified":"2022-10-14T13:08:11","modified_gmt":"2022-10-14T10:08:11","slug":"kisisel-verilerin-korunmasi-ve-gizlilik","status":"publish","type":"page","link":"https:\/\/www.ubm14.com\/?page_id=278","title":{"rendered":"Ki\u015fisel Verilerin Korunmas\u0131 ve Gizlilik"},"content":{"rendered":"\n<p><strong>Ki\u015fisel verilerin i\u015flenmesine ili\u015fkin Ayd\u0131nlatma Metni<\/strong><\/p>\n\n\n\n<p><strong>Veri Sorumlusu<\/strong>\u00a0 ubm14.com kendisine sa\u011flanan domain ve hosting sa\u011flayac\u0131 olan Atakdomain.com taraf\u0131ndan sa\u011flanmaktad\u0131r (<a href=\"https:\/\/www.atakdomain.com\/\">https:\/\/www.godaddy.com\/tr<\/a>)<\/p>\n\n\n\n<p><strong>\u0130\u015ftirak\/Ba\u011fl\u0131 Ortakl\u0131klar<\/strong><\/p>\n\n\n\n<p>ubm14.com b\u00fcnyesinde herhangi bir ortak i\u015fletme veya \u015fah\u0131s yoktur.<\/p>\n\n\n\n<p>&nbsp;6698 say\u0131l\u0131 Ki\u015fisel Verilerin Korunmas\u0131 Kanunu (\u201cKVKK\u201d) ile ilgili mevzuat ve yasal d\u00fczenlemelerden kaynaklanan faaliyetlerimiz \u00e7er\u00e7evesinde ki\u015fisel verilerinizin i\u015flenmesi, saklanmas\u0131 ve aktar\u0131lmas\u0131na ili\u015fkin veri sahibi ilgili ki\u015fileri ayd\u0131nlatmak amac\u0131yla i\u015fbu Ki\u015fisel Verilerin \u0130\u015flenmesi Ayd\u0131nlatma Metni\u2019ni (\u201cAyd\u0131nlatma Metni\u201d) haz\u0131rlad\u0131k.<\/p>\n\n\n\n<p>Ayd\u0131nlatma Metni, ubm14.com taraf\u0131ndan yay\u0131mland\u0131\u011f\u0131 tarih itibariyle ge\u00e7erli olacakt\u0131r. ubm14.com, Ayd\u0131nlatma Metni\u2019nde gerekli oldu\u011fu takdirde her zaman de\u011fi\u015fiklik yapabilir. Yap\u0131lacak de\u011fi\u015fiklikler yay\u0131mlanmas\u0131yla birlikte derhal ge\u00e7erlilik kazan\u0131r.<\/p>\n\n\n\n<h3 class=\"wp-block-heading\">Ki\u015fisel Verilerin Saklanmas\u0131, Haklar\u0131n\u0131z ve Ba\u015fvuru<\/h3>\n\n\n\n<p><strong>Saklama ve \u0130mha<\/strong><br>Ki\u015fisel verileri saklama ve silme i\u015flemleri i\u00e7in bir Saklama ve \u0130mha Politikas\u0131 olu\u015fturmu\u015ftur. Ki\u015fisel verilerinize ili\u015fkin saklama ve imha i\u015flemleri bu politika kapsam\u0131nda ger\u00e7ekle\u015ftirilmektedir. Buna g\u00f6re KVKK\u2019da veya ilgili kanunlar ile sair ilgili mevzuatta verinin saklanmas\u0131 i\u00e7in bir s\u00fcre belirlenmi\u015fse, s\u00f6z konusu veri en az bu s\u00fcre kadar saklanmak zorundad\u0131r.<\/p>\n\n\n\n<p>Olas\u0131 bir mahkeme talebinin veya kanunla yetkili k\u0131l\u0131nm\u0131\u015f bir idari merciinin ilgili veriye ili\u015fkin talebinin taraf\u0131m\u0131za ge\u00e7 ula\u015fmas\u0131 veya taraf\u0131 olabilece\u011fimiz bir ihtilaf\u0131n meydana gelmesi gibi durumlarda yetkili ki\u015filerle payla\u015f\u0131l\u0131r<\/p>\n\n\n\n<p>Mevzuatta i\u015fledi\u011fimiz verinin saklanma s\u00fcresine y\u00f6nelik bir s\u00fcre \u00f6ng\u00f6r\u00fclmemi\u015f ise aram\u0131zdaki ili\u015fkinin gere\u011fi olarak olas\u0131 uyu\u015fmazl\u0131klar da g\u00f6z \u00f6n\u00fcne al\u0131narak hukuki ili\u015fkimizin sona ermesinden itibaren 10 y\u0131ll\u0131k dava zamana\u015f\u0131m\u0131 s\u00fcresinin ge\u00e7mesiyle verileriniz herhangi bir talebinize gerek olmadan silinir, yok edilir veya anonim hale getirilir.<\/p>\n\n\n\n<p>Ki\u015fisel verilerin i\u015fleme \u015fartlar\u0131n\u0131n tamam\u0131 ortadan kalkm\u0131\u015f ya da taraf\u0131m\u0131zca beyan edilen veya mevzuat kapsam\u0131nda belirlenen saklama s\u00fcresi dolmu\u015f ise verileriniz, ilk periyodik imha tarihinde veya en ge\u00e7 6 ay i\u00e7erisinde re\u2019sen silinir, yok edilir veya anonim hale getirilir. Ge\u00e7erli bir sebep ile verilerinizin silinmesine dair talepte bulunman\u0131z halinde ise verileriniz yasal olarak m\u00fcmk\u00fcn oldu\u011fu nispette en ge\u00e7 30 g\u00fcn i\u00e7erisinde silinir. Saklama s\u00fcresi mevzuatta belirlenmi\u015f verilerinizin \u00f6ng\u00f6r\u00fclen s\u00fcrelerden \u00f6nce silinmesini veya imha edilmesini talep etmeniz halinde s\u00f6z konusu talebiniz ger\u00e7ekle\u015ftirilemeyecektir.<\/p>\n\n\n\n<p><strong>Haklar\u0131n\u0131z<\/strong><br>KVKK ve ilgili mevzuat kapsam\u0131nda ki\u015fisel verilerinize ili\u015fkin olarak;<\/p>\n\n\n\n<ul class=\"wp-block-list\"><li>Ki\u015fisel verilerinizin i\u015flenip i\u015flenmedi\u011fini \u00f6\u011frenme,<\/li><li>Ki\u015fisel verileriniz i\u015flenmi\u015fse buna ili\u015fkin bilgi talep etme,<\/li><li>Ki\u015fisel verilerin i\u015flenme amac\u0131n\u0131 ve bunlar\u0131n amac\u0131na uygun kullan\u0131l\u0131p kullan\u0131lmad\u0131\u011f\u0131n\u0131 \u00f6\u011frenme,<\/li><li>Ki\u015fisel verilerinizin aktar\u0131ld\u0131\u011f\u0131 \u00fc\u00e7\u00fcnc\u00fc ki\u015fileri bilme,<\/li><li>Ki\u015fisel verilerinizin eksik veya yanl\u0131\u015f i\u015flenmi\u015f olmas\u0131 halinde bunlar\u0131n d\u00fczeltilmesini isteme,<\/li><li>KVKK mevzuat\u0131nda \u00f6ng\u00f6r\u00fclen \u015fartlar \u00e7er\u00e7evesinde ki\u015fisel verilerinizin silinmesini veya yok edilmesini isteme,<\/li><li>Eksik veya yanl\u0131\u015f verilerin d\u00fczeltilmesi ile ki\u015fisel verilerinizin silinmesi veya yok edilmesini talep etti\u011finizde, bu durumun ki\u015fisel verilerinizi aktard\u0131\u011f\u0131m\u0131z \u00fc\u00e7\u00fcnc\u00fc ki\u015filere bildirilmesini isteme,<\/li><li>\u0130\u015flenen verilerin m\u00fcnhas\u0131ran otomatik sistemler vas\u0131tas\u0131yla analiz edilmesi suretiyle ki\u015finin kendisi aleyhine bir sonucun ortaya \u00e7\u0131kmas\u0131na itiraz etme ve<\/li><li>Ki\u015fisel verilerin kanuna ayk\u0131r\u0131 olarak i\u015flenmesi sebebiyle zarara u\u011framan\u0131z halinde bu zarar\u0131n giderilmesini talep etme<\/li><\/ul>\n\n\n\n<p>haklar\u0131na sahipsiniz.<\/p>\n\n\n\n<p><strong>Ba\u015fvuru<\/strong><br>Ki\u015fisel verileriniz ile ilgili ba\u015fvuru ve taleplerinizi dilerseniz \u0130lgili Ki\u015fi\u00a0<a href=\"https:\/\/www.ubm14.com\/?page_id=20\">Ba\u015fvuru Formu<\/a>\u2019nu kullanarak ubm14.com\u2019a\u00a0iletebilirsiniz.<\/p>\n\n\n\n<p>Veri Sorumlusuna Ba\u015fvuru Usul ve Esaslar\u0131 Hakk\u0131nda Tebli\u011f uyar\u0131nca ilgili ki\u015filerin bu ba\u015fvurular\u0131nda ad \u2013 soyad, ba\u015fvuru yaz\u0131l\u0131 ise imza, T.C. kimlik numaras\u0131 (ba\u015fvuruda bulunan ki\u015finin yabanc\u0131 olmas\u0131 halinde pasaport numaras\u0131), tebligata esas yerle\u015fim yeri veya i\u015f yeri adresi, varsa bildirime esas elektronik posta adresi, telefon numaras\u0131 ve faks numaras\u0131 ile talep konusuna dair bilgilerin bulunmas\u0131 zorunludur.<\/p>\n\n\n\n<p>Veri sahibi ilgili ki\u015fi, yukar\u0131da belirtilen haklar\u0131 kullanmak i\u00e7in yapaca\u011f\u0131 ve kullanmay\u0131 talep etti\u011fi hakka ili\u015fkin a\u00e7\u0131klamalar\u0131 i\u00e7eren ba\u015fvuruda talep edilen hususu a\u00e7\u0131k ve anla\u015f\u0131l\u0131r \u015fekilde belirtilmelidir. Ba\u015fvuruya ili\u015fkin bilgi ve belgelerin ba\u015fvuruya eklenmesi gerekmektedir.<\/p>\n\n\n\n<p>Talep konusunun ba\u015fvuran\u0131n \u015fahs\u0131 ile ilgili olmas\u0131 gerekmekle birlikte, ba\u015fkas\u0131 ad\u0131na hareket ediliyor ise ba\u015fvuruyu yapan\u0131n bu konuda \u00f6zel olarak yetkili olmas\u0131 ve bu yetkinin belgelendirilmesi (\u00f6zel vek\u00e2letname) gerekmektedir. Ayr\u0131ca ba\u015fvurunun kimlik ve adres bilgilerini i\u00e7ermesi ve ba\u015fvuruya kimli\u011fi do\u011frulay\u0131c\u0131 belgelerin eklenmesi gerekmektedir.<\/p>\n\n\n\n<p>Yetkisiz \u00fc\u00e7\u00fcnc\u00fc ki\u015filerin ba\u015fkas\u0131 ad\u0131na yapt\u0131\u011f\u0131 talepler de\u011ferlendirmeye al\u0131nmayacakt\u0131r.<\/p>\n\n\n\n<p>Ki\u015fisel verilerinize ili\u015fkin hak talepleriniz de\u011ferlendirilerek, \u015eirketimize ula\u015ft\u0131\u011f\u0131 tarihten itibaren en ge\u00e7 30 g\u00fcn i\u00e7erisinde cevaplan\u0131r. Ba\u015fvurunuzun olumsuz de\u011ferlendirilmesi halinde, gerek\u00e7eli ret sebepleri ba\u015fvuruda belirtti\u011finiz adrese elektronik posta veya posta yolu ba\u015fta olmak \u00fczere e\u011fer m\u00fcmk\u00fcnse talebin yap\u0131ld\u0131\u011f\u0131 usul vas\u0131tas\u0131yla size iletilir.<\/p>\n\n\n\n<p><strong>G\u00fcvenli al\u0131\u015fveri\u015fler dileriz<\/strong><\/p>\n","protected":false},"excerpt":{"rendered":"<p>Ki\u015fisel verilerin i\u015flenmesine ili\u015fkin Ayd\u0131nlatma Metni Veri Sorumlusu\u00a0 ubm14.com kendisine sa\u011flanan domain ve hosting sa\u011flayac\u0131 olan Atakdomain.com taraf\u0131ndan sa\u011flanmaktad\u0131r (https:\/\/www.godaddy.com\/tr) \u0130\u015ftirak\/Ba\u011fl\u0131 Ortakl\u0131klar ubm14.com b\u00fcnyesinde herhangi bir ortak i\u015fletme veya \u015fah\u0131s yoktur. &nbsp;6698 say\u0131l\u0131 Ki\u015fisel Verilerin Korunmas\u0131 Kanunu (\u201cKVKK\u201d) ile ilgili mevzuat ve yasal d\u00fczenlemelerden kaynaklanan faaliyetlerimiz \u00e7er\u00e7evesinde ki\u015fisel verilerinizin i\u015flenmesi, saklanmas\u0131 ve aktar\u0131lmas\u0131na ili\u015fkin veri [&hellip;]<\/p>\n","protected":false},"author":3,"featured_media":0,"parent":0,"menu_order":0,"comment_status":"closed","ping_status":"closed","template":"","meta":{"_joinchat":[],"footnotes":""},"class_list":["post-278","page","type-page","status-publish","hentry"],"_links":{"self":[{"href":"https:\/\/www.ubm14.com\/index.php?rest_route=\/wp\/v2\/pages\/278","targetHints":{"allow":["GET"]}}],"collection":[{"href":"https:\/\/www.ubm14.com\/index.php?rest_route=\/wp\/v2\/pages"}],"about":[{"href":"https:\/\/www.ubm14.com\/index.php?rest_route=\/wp\/v2\/types\/page"}],"author":[{"embeddable":true,"href":"https:\/\/www.ubm14.com\/index.php?rest_route=\/wp\/v2\/users\/3"}],"replies":[{"embeddable":true,"href":"https:\/\/www.ubm14.com\/index.php?rest_route=%2Fwp%2Fv2%2Fcomments&post=278"}],"version-history":[{"count":4,"href":"https:\/\/www.ubm14.com\/index.php?rest_route=\/wp\/v2\/pages\/278\/revisions"}],"predecessor-version":[{"id":283,"href":"https:\/\/www.ubm14.com\/index.php?rest_route=\/wp\/v2\/pages\/278\/revisions\/283"}],"wp:attachment":[{"href":"https:\/\/www.ubm14.com\/index.php?rest_route=%2Fwp%2Fv2%2Fmedia&parent=278"}],"curies":[{"name":"wp","href":"https:\/\/api.w.org\/{rel}","templated":true}]}}