{"id":284,"date":"2022-10-14T13:16:17","date_gmt":"2022-10-14T10:16:17","guid":{"rendered":"https:\/\/www.ubm14.com\/?page_id=284"},"modified":"2022-10-14T13:16:17","modified_gmt":"2022-10-14T10:16:17","slug":"cerez-politikasi","status":"publish","type":"page","link":"https:\/\/www.ubm14.com\/?page_id=284","title":{"rendered":"\u00c7erez Politikas\u0131"},"content":{"rendered":"\n<p>Bu metin, 6698 say\u0131l\u0131 Ki\u015fisel Verilerin Korunmas\u0131 Kanunu\u2019nun (\u201c<strong>Kanun<\/strong>\u201d) 10. maddesi ile Ayd\u0131nlatma Y\u00fck\u00fcml\u00fcl\u00fc\u011f\u00fcn\u00fcn Yerine Getirilmesinde Uyulacak Usul ve Esaslar Hakk\u0131nda Tebli\u011f Kapsam\u0131nda veri sorumlusu s\u0131fat\u0131yla ubm14.com taraf\u0131ndan haz\u0131rlanm\u0131\u015ft\u0131r.<br><br>biy14 olarak\u00a0<a href=\"https:\/\/www.ubm14.com\">www.ubm14.com<\/a>\u00a0adresindeki internet sitemiz (\u201c<strong>Site<\/strong>\u201d) ile mobil uygulamam\u0131z (hepsi birlikte \u201c<strong>Platform<\/strong>\u201d olarak an\u0131lacakt\u0131r) i\u00e7erisinde yer alan baz\u0131 alanlarda \u00e7erezler kullanmaktay\u0131z. Ayr\u0131ca mobil uygulamam\u0131z i\u00e7erisinde, Site\u2019de kullan\u0131lan \u00e7erezlerle benzer i\u015flevlere sahip SDK\u2019lar (Software Development Kit) da kullan\u0131lmaktad\u0131r. Bu \u00c7erez Politikas\u0131 (\u201c<strong>Politika<\/strong>\u201d), ubm14.com taraf\u0131ndan y\u00f6netilen Platform i\u00e7in ge\u00e7erli olup \u00e7erezler ve SDK\u2019lar Politika\u2019da a\u00e7\u0131klanan \u015fekilde kullan\u0131lacakt\u0131r.<br><br>Bu Politika\u2019n\u0131n amac\u0131, internet sitemizde kullan\u0131lan \u00e7erezlerin ve Uygulama\u2019da kullan\u0131lan SDK\u2019lar\u0131n cihaz\u0131n\u0131za yerle\u015ftirilmesi arac\u0131l\u0131\u011f\u0131yla otomatik yolla elde edilen ki\u015fisel verilerin i\u015flenmesine ili\u015fkin olarak, hangi ama\u00e7larla hangi t\u00fcr \u00e7erezleri kulland\u0131\u011f\u0131m\u0131z\u0131 ve bu \u00e7erezleri nas\u0131l y\u00f6netebilece\u011finiz hakk\u0131nda sizlere bilgi vermektir. \u0130nternet sitemizde kulland\u0131\u011f\u0131m\u0131z, zorunlu \u00e7erezler haricindeki \u00e7erezler i\u00e7in, kullan\u0131c\u0131lar\u0131n a\u00e7\u0131k r\u0131zalar\u0131 al\u0131nmakta ve istedikleri zaman r\u0131zalar\u0131n\u0131 de\u011fi\u015ftirebilme olana\u011f\u0131 sa\u011flanmaktad\u0131r.<br><br>Kullan\u0131c\u0131lar \u00e7erez y\u00f6netim paneli \u00fczerinden, internet sitemizde kullan\u0131lan \u00e7erez \u00e7e\u015fitlerini g\u00f6rebilmekte ve Zorunlu \u00c7erezler d\u0131\u015f\u0131nda kalan t\u00fcm \u00e7erezler i\u00e7in \u201ca\u00e7\u0131k\u201d veya \u201ckapal\u0131\u201d se\u00e7enekleri ile tercihlerini belirleyebilmektedirler. Yine bu panel \u00fczerinden kullan\u0131c\u0131lar tercihlerini her zaman de\u011fi\u015ftirebilmektedirler.<\/p>\n\n\n\n<p><strong>\u00c7erez Nedir?<\/strong><\/p>\n\n\n\n<p>\u00c7erezler bir internet sitesi taraf\u0131ndan cihaz\u0131n\u0131zda olu\u015fturulan ve isim-de\u011fer format\u0131nda veri bar\u0131nd\u0131ran k\u00fc\u00e7\u00fck metin dosyalar\u0131d\u0131r. \u00c7erezler, ziyaret etti\u011finiz internet sitesinin cihaz\u0131n\u0131zda bilgi saklamas\u0131n\u0131 ve bu bilgilerin sonraki ziyaretleriniz s\u0131ras\u0131nda kullanmas\u0131n\u0131 m\u00fcmk\u00fcn k\u0131lmaktad\u0131r. Bir internet sitesi taraf\u0131ndan olu\u015fturulan \u00e7erezler siteye eri\u015fim i\u00e7in kulland\u0131\u011f\u0131n\u0131z internet taray\u0131c\u0131s\u0131 taraf\u0131ndan saklanmakta olup \u00e7erezler, ziyaret\u00e7ilere ili\u015fkin isim, cinsiyet veya adres gibi ki\u015fisel verileri i\u00e7ermezler. \u00c7erezlerin i\u00e7erdi\u011fi bilgilere ancak ayn\u0131 internet taray\u0131c\u0131s\u0131n\u0131 kullanman\u0131z halinde ve yaln\u0131zca ilgili \u00e7erezi olu\u015fturan internet sitesi alan ad\u0131 (\u00f6rn;\u00a0<a href=\"https:\/\/www.ubm14.com\/\">www.ubm14.com<\/a>) taraf\u0131ndan eri\u015filebilmektedir.<br><br>\u00c7erezler g\u00fcn\u00fcm\u00fczde, internet teknolojilerinin \u00f6nemli bir par\u00e7as\u0131 haline gelmi\u015ftir ve temel i\u015flevleri \u00e7evrimi\u00e7i ziyaret\u00e7inin tercihlerinin hat\u0131rlanmas\u0131 ve ba\u011flant\u0131 s\u0131ras\u0131nda cihaz\u0131n tan\u0131nmas\u0131 olup neredeyse her internet sitesinde \u00e7erez kullan\u0131m\u0131 s\u00f6z konusudur.<\/p>\n\n\n\n<p><strong>\u00c7erezleri Kim, Nas\u0131l G\u00f6nderir?<\/strong><\/p>\n\n\n\n<p>\u00c7erezler, gezintiniz s\u0131ras\u0131nda cihaz\u0131n\u0131zda bulunan internet taray\u0131c\u0131n\u0131z (Chrome, Firefox, Safari, Edge vb. gibi) ile ubm14.com b\u00fcnyesindeki internet sitesi sunucular\u0131 aras\u0131nda kurulan ileti\u015fim vas\u0131tas\u0131yla g\u00f6nderilmektedir.<\/p>\n\n\n\n<p><strong>\u00c7erez Tipleri:<\/strong><\/p>\n\n\n\n<ol class=\"wp-block-list\"><li>Sahipliklerine g\u00f6re:<ul><li><strong>Birinci Taraf \u00c7erezler<\/strong><br>Do\u011frudan ziyaret edilen web sitesi veya ubm14.com taraf\u0131ndan cihaza yerle\u015ftirilmektedir.<\/li><li><strong>\u00dc\u00e7\u00fcnc\u00fc Taraf \u00c7erezler<\/strong><br>ubm14.com  ile i\u015f birli\u011fi i\u00e7erisinde olan, reklam veren veya analitik sistem gibi \u00fc\u00e7\u00fcnc\u00fc bir taraf\u00e7a cihaza yerle\u015ftirilen \u00e7erezlerdir.<\/li><\/ul><\/li><li>Aktif oldu\u011fu s\u00fcreye g\u00f6re:<ul><li><strong>Oturum \u00c7erezleri<\/strong><br>Kullan\u0131c\u0131n\u0131n taray\u0131c\u0131y\u0131 kapatmas\u0131 veya oturumun sona ermesi s\u00fcresine kadar depolanabilecek verileri sa\u011flamaktad\u0131r. K\u0131sa s\u00fcreli \u00e7erezlerdir.<\/li><li><strong>Kal\u0131c\u0131 \u00c7erezler<\/strong><br>\u00c7erezin kullan\u0131c\u0131 taraf\u0131ndan silinme tarihine kadar veya \u00e7erez i\u00e7in belirli son kullanma tarihine kadar s\u00fcr\u00fcc\u00fcde yer alan \u00e7erezlerdir. Kal\u0131c\u0131 \u00e7erezlerin kodlar\u0131nda de\u011fi\u015fken s\u00fcreli, yaz\u0131l\u0131 bir son kullanma tarihi vard\u0131r.<\/li><\/ul><\/li><li>Kullan\u0131m ama\u00e7lar\u0131na g\u00f6re:<ul><li><strong>Teknik\/Zorunlu \u00c7erezler<\/strong><br>Web sitesinde gezinmek ve sitenin g\u00fcvenli alanlar\u0131na eri\u015fim gibi \u00f6zelliklerin kullan\u0131lmas\u0131 i\u00e7in gerekli olan \u00e7erezlerdir.<\/li><li><strong>Fonksiyonel \u00c7erezleri<\/strong><br>Web sitesinde ge\u00e7mi\u015fte yap\u0131lan se\u00e7imlerin (kullan\u0131c\u0131 ad\u0131 bilgisi, parola bilgisi, hangi dilin tercih edildi\u011fi vb.) ne oldu\u011funu hat\u0131rlamas\u0131n\u0131 sa\u011flar. Web sitesine otomatik giri\u015fi sa\u011flayan tercih \u00e7erezleri, i\u015flevsel \u00e7erezler olarak da adland\u0131r\u0131lmaktad\u0131r.<\/li><li><strong>Performans\/Analiz \u00c7erezleri<\/strong><br>\u0130statistik \u00e7erezleri olarak da bilinen performans \u00e7erezleri, web sitesinin kullan\u0131m\u0131na ili\u015fkin anonim, istatistiksel veri sa\u011flayan \u00e7erezlerdir. \u0130statistik \u00e7erezleri ile kullan\u0131c\u0131n\u0131n web sitesini nas\u0131l kulland\u0131\u011f\u0131, ziyaret etti\u011fi sayfalar, t\u0131klad\u0131\u011f\u0131 ba\u011flant\u0131lar depolanabilmektedir. Anonim hale getirilen istatistik \u00e7erezleri, web sitesi kullan\u0131c\u0131s\u0131n\u0131 tan\u0131mlamak i\u00e7in kullan\u0131lmamaktad\u0131r. Bu \u00e7erezlerin amac\u0131, web sitesini daha i\u015flevsel hale getirmektir.<\/li><li><strong>Pazarlama\/Hedefleme \u00c7erezleri<\/strong><br>\u0130lgi alanlar\u0131n\u0131z\u0131n bir profilini olu\u015fturmak ve di\u011fer sitelerdeki alakal\u0131 reklamlar\u0131 g\u00f6stermek amac\u0131yla faaliyet g\u00f6steren firmalar taraf\u0131ndan kullan\u0131labilen \u00e7erezlerdir.<\/li><\/ul><\/li><\/ol>\n\n\n\n<p><strong>Ki\u015fisel Verilerin Hangi Ama\u00e7larla \u0130\u015flenece\u011fi ve Hukuki Sebepler<\/strong><\/p>\n\n\n\n<p><strong>Teknik\/Zorunlu \u00e7erezler,<\/strong>&nbsp;talep etmi\u015f oldu\u011funuz bir bilgi toplumu hizmetinin (log-in olma, form doldurma ve gizlilik tercihlerinin hat\u0131rlanmas\u0131) yerine getirilebilmesi amac\u0131yla kullan\u0131lmaktad\u0131r. Bu \u00e7erezler arac\u0131l\u0131\u011f\u0131yla toplanan ki\u015fisel verileriniz, Kanunun 5\u2019inci maddesinin (2) numaral\u0131 f\u0131kras\u0131n\u0131n (c) bendi \u201cBir s\u00f6zle\u015fmenin kurulmas\u0131 veya ifas\u0131yla do\u011frudan do\u011fruya ilgili olmas\u0131 kayd\u0131yla, s\u00f6zle\u015fmenin taraflar\u0131na ait ki\u015fisel verilerin i\u015flenmesinin gerekli olmas\u0131\u201d veya (f) bendi \u201c\u0130lgili ki\u015finin temel hak ve \u00f6zg\u00fcrl\u00fcklerine zarar vermemek kayd\u0131yla, veri sorumlusunun me\u015fru menfaatleri i\u00e7in veri i\u015flenmesinin zorunlu olmas\u0131\u201d kapsam\u0131nda i\u015flenmektedir.<br><br><strong>Fonksiyonel \u00e7erezler,<\/strong>&nbsp;internet sayfam\u0131z\u0131 daha i\u015flevsel k\u0131lmak ve ki\u015fiselle\u015ftirmek (gizlilik tercihleriniz hari\u00e7 olmak \u00fczere di\u011fer tercihlerinizin siteye tekrar girdi\u011finizde hat\u0131rlanmas\u0131n\u0131 sa\u011flamak) ama\u00e7lar\u0131yla kullan\u0131lmaktad\u0131r. Bu \u00e7erezler arac\u0131l\u0131\u011f\u0131yla toplanan ki\u015fisel verileriniz, Kanun\u2019un 5\u2019inci maddesinin (1) numaral\u0131 f\u0131kras\u0131 kapsam\u0131nda a\u00e7\u0131k r\u0131zan\u0131z\u0131n al\u0131nmas\u0131 suretiyle i\u015flenmektedir<br><br><strong>Performans\/Analiz \u00c7erezleri,<\/strong>&nbsp;internet sitelerinde kullan\u0131c\u0131lar\u0131n davran\u0131\u015flar\u0131n\u0131 analiz etmek amac\u0131yla istatistiki \u00f6l\u00e7\u00fcm\u00fcne imk\u00e2n veren \u00e7erezlerdir. Bu \u00e7erezler, sitenin iyile\u015ftirilmesi i\u00e7in s\u0131kl\u0131kla kullan\u0131lmakta olup bu duruma reklamlar\u0131n ilgili ki\u015filer \u00fczerindeki etkisinin \u00f6l\u00e7\u00fcm\u00fc de d\u00e2hildir. \u0130nternet sitesi sahipleri taraf\u0131ndan, tekil ziyaret\u00e7ilerin say\u0131s\u0131n\u0131 tahmin etmek, bir internet sayfas\u0131na g\u00f6t\u00fcren en \u00f6nemli arama motoru anahtar kelimelerini tespit etmek veya internet sitesinde gezinme durumunu izlemek i\u00e7in kullan\u0131lmaktad\u0131rlar. Bu \u00e7erezler arac\u0131l\u0131\u011f\u0131yla toplanan ki\u015fisel verileriniz, Kanun\u2019un 5\u2019inci maddesinin (1) numaral\u0131 f\u0131kras\u0131 kapsam\u0131nda a\u00e7\u0131k r\u0131zan\u0131z\u0131n al\u0131nmas\u0131 suretiyle i\u015flenmektedir.<br><br><strong>Pazarlama\/Hedefleme \u00e7erezleri,<\/strong>&nbsp;i\u015f ortaklar\u0131m\u0131z taraf\u0131ndan ilgi alanlar\u0131n\u0131za g\u00f6re profilinizin \u00e7\u0131kar\u0131lmas\u0131 ve size ilgili reklamlar g\u00f6stermek amac\u0131yla kullan\u0131lmaktad\u0131r. Bu \u00e7erezler arac\u0131l\u0131\u011f\u0131yla toplanan ki\u015fisel verileriniz, Kanun\u2019un 5\u2019inci maddesinin (1) numaral\u0131 f\u0131kras\u0131 kapsam\u0131nda a\u00e7\u0131k r\u0131zan\u0131z\u0131n al\u0131nmas\u0131 suretiyle i\u015flenmektedir.<\/p>\n\n\n\n<p><strong>Sitemizde Kullan\u0131lan \u00c7erezlere \u0130li\u015fkin Bilgiler<\/strong><\/p>\n\n\n\n<p>\u0130nternet sitemizde yer alan \u00e7erezlere ili\u015fkin bilgiler a\u015fa\u011f\u0131daki tabloda yer almaktad\u0131r:<\/p>\n\n\n\n<p><strong>Teknik ve Zorunlu \u00c7erezler<\/strong><\/p>\n\n\n\n<p>\u0130nternet sitesinin kullan\u0131m\u0131 ve i\u015flerli\u011fi i\u00e7in gerekli olan \u00e7erezlerdir. Teknik \u00e7erezler devre d\u0131\u015f\u0131 b\u0131rak\u0131ld\u0131\u011f\u0131 takdirde sitenin bir k\u0131sm\u0131na veya t\u00fcm\u00fcne eri\u015fim sa\u011flanamayabilir.<\/p>\n\n\n\n<p>\u00c7erezler;<\/p>\n\n\n\n<ul class=\"wp-block-list\"><li><strong>Platform\u2019un \u00e7al\u0131\u015fmas\u0131 i\u00e7in gerekli temel fonksiyonlar\u0131 ger\u00e7ekle\u015ftirmek.<\/strong>\u00a0\u00d6rne\u011fin, ubm14 \u00fcyelerinin, \u00fcr\u00fcn sepetindeki \u00fcr\u00fcnlerin ziyaretleri s\u00fcresince kaybolmamas\u0131. Oturum a\u00e7an \u00fcyelerin Platform\u2019da farkl\u0131 sayfalar\u0131 ziyaret ederken tekrar \u015fifre girmelerine gerek kalmamas\u0131.<\/li><li><strong>Platform\u2019u analiz etmek ve Platform\u2019un performans\u0131n\u0131 artt\u0131rmak.<\/strong>\u00a0\u00d6rne\u011fin, Platform\u2019un \u00fczerinde \u00e7al\u0131\u015ft\u0131\u011f\u0131 farkl\u0131 sunucular\u0131n entegrasyonu, Platform\u2019u ziyaret edenlerin say\u0131s\u0131n\u0131n tespit edilmesi ve buna g\u00f6re performans ayarlar\u0131n\u0131n yap\u0131lmas\u0131 ya da ziyaret\u00e7ilerin arad\u0131klar\u0131n\u0131 bulmalar\u0131n\u0131n kolayla\u015ft\u0131r\u0131lmas\u0131.<\/li><li><strong>Platform\u2019un i\u015flevselli\u011fini artt\u0131rmak ve kullan\u0131m kolayl\u0131\u011f\u0131 sa\u011flamak.<\/strong>\u00a0\u00d6rne\u011fin, Platform \u00fczerinden \u00fc\u00e7\u00fcnc\u00fc taraf sosyal medya mecralar\u0131na payla\u015f\u0131mda bulunmak, Platform\u2019u ziyaret eden ziyaret\u00e7inin daha sonraki ziyaretinde kullan\u0131c\u0131 ad\u0131 bilgisinin ya da arama sorgular\u0131n\u0131n hat\u0131rlanmas\u0131.<\/li><li><strong>Ki\u015fiselle\u015ftirme, hedefleme ve reklamc\u0131l\u0131k faaliyeti ger\u00e7ekle\u015ftirmek.<\/strong>\u00a0\u00d6rne\u011fin, ziyaret\u00e7ilerin g\u00f6r\u00fcnt\u00fcledikleri sayfa ve \u00fcr\u00fcnler \u00fczerinden ziyaret\u00e7ilerin ilgi alanlar\u0131yla ba\u011flant\u0131l\u0131 reklam g\u00f6sterilmesi.<\/li><\/ul>\n\n\n\n<p>ama\u00e7lar\u0131yla kullan\u0131lmaktad\u0131r.<\/p>\n\n\n\n<p><strong>\u00c7erezler Arac\u0131l\u0131\u011f\u0131yla \u0130\u015flenen Ki\u015fisel Verilerin Aktar\u0131lmas\u0131<\/strong><\/p>\n\n\n\n<p>\u00c7erezler ile y\u00fcr\u00fct\u00fclen faaliyetlerimiz kapsam\u0131nda ki\u015fisel verileriniz; ubm14 hizmetlerinin size \u00f6zelle\u015ftirilerek geli\u015ftirilmesi, pazarlama faaliyetlerinin y\u00fcr\u00fct\u00fclebilmesi, i\u015f faaliyetlerinin y\u00fcr\u00fct\u00fclmesi ve denetimi, mal \/ hizmet sat\u0131n al\u0131m s\u00fcre\u00e7lerinin y\u00fcr\u00fct\u00fclmesi ama\u00e7lar\u0131 ile Tedarik\u00e7ilerimize aktar\u0131lmaktad\u0131r.<br><br>Ayr\u0131ca ki\u015fisel verileriniz, performans \/ analitik \u00e7erezlerine onay vermeniz halinde; saklama ve ar\u015fiv faaliyetlerinin y\u00fcr\u00fct\u00fclmesi amac\u0131yla s\u0131n\u0131rl\u0131 olarak yurt d\u0131\u015f\u0131nda yerle\u015fik \u00fc\u00e7\u00fcnc\u00fc taraf altyap\u0131 sa\u011flay\u0131c\u0131 Google Analytics arac\u0131l\u0131\u011f\u0131yla yurt d\u0131\u015f\u0131ndaki sunucularda i\u015flenecektir. Bu kapsamda; taraf\u0131n\u0131za ait ki\u015fisel veriler, a\u00e7\u0131k r\u0131zan\u0131za dayal\u0131 olarak, gerekli teknik ve idari tedbirler al\u0131narak, sunucular\u0131 yurt d\u0131\u015f\u0131nda bulunan hizmet sa\u011flay\u0131c\u0131lara aktar\u0131lacakt\u0131r.<br><br>\u0130nternet sitemizde bulunan \u00e7erez y\u00f6netim arac\u0131 arac\u0131l\u0131\u011f\u0131yla Hedefleme \u00c7erezlerine onay vermeniz halinde; ilgili ki\u015fisel verileriniz, mal\/hizmet sat\u0131\u015f s\u00fcre\u00e7lerinin y\u00fcr\u00fct\u00fclmesi, pazarlama ve analiz \u00e7al\u0131\u015fmalar\u0131n\u0131n y\u00fcr\u00fct\u00fclmesi ve stratejik planlama faaliyetlerinin y\u00fcr\u00fct\u00fclmesi amac\u0131yla a\u00e7\u0131k r\u0131zan\u0131za dayal\u0131 olarak Kurumsal M\u00fc\u015fterilerimize aktar\u0131lacakt\u0131r.<\/p>\n\n\n\n<p><strong>\u00c7erezlerin Y\u00f6netimi<\/strong><\/p>\n\n\n\n<p>Taray\u0131c\u0131lar genellikle \u00e7erezleri otomatik olarak kabul etmektedir. \u0130nternet sitemizi kullanabilmek i\u00e7in \u00e7erez kullan\u0131m\u0131 zorunlu de\u011fildir, fakat taray\u0131c\u0131n\u0131z\u0131 \u00e7erezleri kabul etmemeye ayarlaman\u0131z halinde kullan\u0131c\u0131 deneyiminizin kalitesi d\u00fc\u015febilir ve sitelerimizin \u00e7e\u015fitli i\u015flevleri bozulabilir. \u00d6zellikle teknik \u00e7erezler, Site\u2019nin temel i\u015flevlerini yerine getirebilmesini sa\u011flamaktad\u0131r. Teknik \u00e7erezler Site\u2019nin teknik olarak \u00e7al\u0131\u015fmas\u0131n\u0131 tesis etti\u011finden bunlar\u0131 kapatman\u0131z halinde Site\u2019de baz\u0131 fonksiyonlar\u0131n gere\u011fi gibi \u00e7al\u0131\u015fmamas\u0131 s\u00f6z konusu olabilir.<br><br>\u00c7erez y\u00f6netim panelindeki butonlar\u0131 tercihinize g\u00f6re a\u00e7\u0131k veya kapal\u0131 konuma getirerek \u201cAyarlar\u0131 kaydet\u201d butonuna t\u0131klay\u0131n\u0131z. Ayarlar\u0131n\u0131z\u0131 etkin h\u00e2le getirmek i\u00e7in sayfay\u0131 yenileyiniz.<br><br>Taray\u0131c\u0131n\u0131z\u0131; \u00e7erezleri t\u00fcm siteler veya belirli siteler i\u00e7in engelleyecek \u015fekilde, \u00e7erez olu\u015fturuldu\u011funda uyar\u0131 verecek \u015fekilde, \u00fc\u00e7\u00fcnc\u00fc taraf \u00e7erezleri engelleyecek \u015fekilde veya t\u00fcm \u00e7erezleri oturum \u00e7erezi gibi sayacak \u015fekilde yap\u0131land\u0131rabilirsiniz. Ek olarak, taray\u0131c\u0131n\u0131z \u00fczerinden \u00e7erezleri silebilir veya taray\u0131c\u0131n\u0131zda saklanan \u00e7erezlerin listesini ve de\u011ferlerini g\u00f6rebilirsiniz. Taray\u0131c\u0131n\u0131z\u0131n \u00e7erez y\u00f6netimi i\u015flevleri hakk\u0131nda detayl\u0131 bilgi i\u00e7in l\u00fctfen a\u015fa\u011f\u0131daki ilgili linke t\u0131klayarak taray\u0131c\u0131n\u0131z\u0131n internet sitesinden bilgi al\u0131n\u0131z.<\/p>\n\n\n\n<ul class=\"wp-block-list\"><li>Google Analytics taraf\u0131ndan y\u00f6netilen \u00c7erezleri kapatmak i\u00e7in<mark><kbd>&nbsp;<a rel=\"noreferrer noopener\" href=\"https:\/\/tools.google.com\/dlpage\/gaoptout\" target=\"_blank\">t\u0131klay\u0131n\u0131z<\/a>.<\/kbd><\/mark><\/li><li>Google taraf\u0131ndan sa\u011flanan ki\u015fiselle\u015ftirilmi\u015f reklam deneyimini y\u00f6netmek i\u00e7in&nbsp;<a rel=\"noreferrer noopener\" href=\"https:\/\/www.google.com\/settings\/ads\" target=\"_blank\">t\u0131klay\u0131n\u0131z<\/a>.<\/li><li>Oracle Reklam \u00c7erezlerini kapatmak i\u00e7in&nbsp;<a rel=\"noreferrer noopener\" href=\"https:\/\/datacloudoptout.oracle.com\/optout\" target=\"_blank\">t\u0131klay\u0131n\u0131z<\/a>.<\/li><li>Bir\u00e7ok firman\u0131n reklam faaliyetleri i\u00e7in kulland\u0131\u011f\u0131 \u00e7erezler bak\u0131m\u0131ndan tercihler&nbsp;<a rel=\"noreferrer noopener\" href=\"https:\/\/www.youronlinechoices.com\/tr\/reklam-tercihleriniz\" target=\"_blank\">Your Online Choices<\/a>&nbsp;\u00fczerinden y\u00f6netilebilir.<\/li><\/ul>\n\n\n\n<p><strong>\u0130lgili Ki\u015filerin Talepleri<\/strong><\/p>\n\n\n\n<p>6698 say\u0131l\u0131 Ki\u015fisel Verileri Koruma Kanunu\u2019nun 11. maddesi kapsam\u0131ndaki haklar\u0131n\u0131z ve ayr\u0131nt\u0131l\u0131 bilgi i\u00e7in\u00a0<a href=\"https:\/\/www.biy14.com\/index.php\/aydinlatma-metni\/\">Ayd\u0131nlatma Metni<\/a>\u2019ni inceleyebilirsiniz. ubm14, \u00e7erezlerle ilgili kullan\u0131m \u015fartlar\u0131n\u0131 ve\u00a0<strong>\u00c7erez Politikas\u0131<\/strong>\u2019n\u0131 de\u011fi\u015ftirme hakk\u0131n\u0131 sakl\u0131 tutar.<\/p>\n","protected":false},"excerpt":{"rendered":"<p>Bu metin, 6698 say\u0131l\u0131 Ki\u015fisel Verilerin Korunmas\u0131 Kanunu\u2019nun (\u201cKanun\u201d) 10. maddesi ile Ayd\u0131nlatma Y\u00fck\u00fcml\u00fcl\u00fc\u011f\u00fcn\u00fcn Yerine Getirilmesinde Uyulacak Usul ve Esaslar Hakk\u0131nda Tebli\u011f Kapsam\u0131nda veri sorumlusu s\u0131fat\u0131yla ubm14.com taraf\u0131ndan haz\u0131rlanm\u0131\u015ft\u0131r. biy14 olarak\u00a0www.ubm14.com\u00a0adresindeki internet sitemiz (\u201cSite\u201d) ile mobil uygulamam\u0131z (hepsi birlikte \u201cPlatform\u201d olarak an\u0131lacakt\u0131r) i\u00e7erisinde yer alan baz\u0131 alanlarda \u00e7erezler kullanmaktay\u0131z. Ayr\u0131ca mobil uygulamam\u0131z i\u00e7erisinde, Site\u2019de kullan\u0131lan [&hellip;]<\/p>\n","protected":false},"author":3,"featured_media":0,"parent":0,"menu_order":0,"comment_status":"closed","ping_status":"closed","template":"","meta":{"_joinchat":[],"footnotes":""},"class_list":["post-284","page","type-page","status-publish","hentry"],"_links":{"self":[{"href":"https:\/\/www.ubm14.com\/index.php?rest_route=\/wp\/v2\/pages\/284","targetHints":{"allow":["GET"]}}],"collection":[{"href":"https:\/\/www.ubm14.com\/index.php?rest_route=\/wp\/v2\/pages"}],"about":[{"href":"https:\/\/www.ubm14.com\/index.php?rest_route=\/wp\/v2\/types\/page"}],"author":[{"embeddable":true,"href":"https:\/\/www.ubm14.com\/index.php?rest_route=\/wp\/v2\/users\/3"}],"replies":[{"embeddable":true,"href":"https:\/\/www.ubm14.com\/index.php?rest_route=%2Fwp%2Fv2%2Fcomments&post=284"}],"version-history":[{"count":1,"href":"https:\/\/www.ubm14.com\/index.php?rest_route=\/wp\/v2\/pages\/284\/revisions"}],"predecessor-version":[{"id":285,"href":"https:\/\/www.ubm14.com\/index.php?rest_route=\/wp\/v2\/pages\/284\/revisions\/285"}],"wp:attachment":[{"href":"https:\/\/www.ubm14.com\/index.php?rest_route=%2Fwp%2Fv2%2Fmedia&parent=284"}],"curies":[{"name":"wp","href":"https:\/\/api.w.org\/{rel}","templated":true}]}}