{"id":293,"date":"2022-10-14T13:32:48","date_gmt":"2022-10-14T10:32:48","guid":{"rendered":"https:\/\/www.ubm14.com\/?page_id=293"},"modified":"2022-10-14T13:32:48","modified_gmt":"2022-10-14T10:32:48","slug":"gizlilik-politikasi","status":"publish","type":"page","link":"https:\/\/www.ubm14.com\/?page_id=293","title":{"rendered":"Gizlilik Politikas\u0131"},"content":{"rendered":"\n<p><strong>1. Giri\u015f<\/strong><br><br>ubm14.com, ki\u015fisel verilerinizin gizlili\u011fine \u00f6nem verdi\u011fimiz ve bizimle payla\u015ft\u0131\u011f\u0131n\u0131z bilgilerin ki\u015fisel ve gizli oldu\u011funu kabul etti\u011fimiz i\u00e7in bu hususa hassasiyetle yakla\u015f\u0131yoruz.<br><br>\u0130\u015fbu Gizlilik Politikas\u0131\u2019n\u0131 (\u201cPolitika\u201d), \u015eirket olarak y\u00f6netti\u011fimiz internet sitesi www.ubm14.com ve uygulamalar (\u201cSitemiz\u201d) \u00fczerinden toplanan verilerin gizlili\u011fi ve g\u00fcvenli\u011fi hakk\u0131nda Sitemizi ziyaret eden kullan\u0131c\u0131lar\u0131m\u0131z\u0131 6698 say\u0131l\u0131 Ki\u015fisel Verilerin Korunmas\u0131 Kanunu (\u201cKVKK\u201d) ve ikincil mevzuat kapsam\u0131nda bilgilendirmek amac\u0131yla olu\u015fturduk. Ki\u015fisel verileriniz, i\u015fbu Politika \u00e7er\u00e7evesinde, yaln\u0131zca size daha iyi bir hizmet sunmak amac\u0131yla kullan\u0131lacakt\u0131r.<br><br><strong>2. Politika\u2019n\u0131n Kapsam\u0131<\/strong><br><br>ubm14.com olarak y\u00f6netti\u011fimiz Sitemize eri\u015fiminiz s\u0131ras\u0131nda toplad\u0131\u011f\u0131m\u0131z verilerinizin gizlili\u011fi ve g\u00fcvenli\u011fi i\u015fbu Politika\u2019n\u0131n kapsam\u0131ndad\u0131r. ubm14.com taraf\u0131ndan y\u00f6netilmeyen bir sitede ubm14.com\u2019e ait bir logonun, i\u015faretin vb. bir g\u00f6rselin bulunmas\u0131 i\u015fbu Politika\u2019n\u0131n o site i\u00e7in ge\u00e7erli oldu\u011fu anlam\u0131na gelmemektedir.<br><br><strong>3. Ki\u015fisel Verilerin Korunmas\u0131<\/strong><br><br><strong>3.1. Ki\u015fisel Verilerin \u0130\u015flenmesinde Genel \u0130lkeler<\/strong><br><br>ubm14.com taraf\u0131ndan ki\u015fisel verilerinize ili\u015fkin i\u015fleme faaliyetleri a\u015fa\u011f\u0131da say\u0131lan genel ilkelere uygun olarak ger\u00e7ekle\u015ftirilmektedir:<\/p>\n\n\n\n<ul class=\"wp-block-list\"><li>Hukuka ve d\u00fcr\u00fcstl\u00fck kurallar\u0131na uygun olma,<\/li><li>Do\u011fru ve gerekti\u011finde g\u00fcncel olma,<\/li><li>Belirli, a\u00e7\u0131k ve me\u015fru ama\u00e7lar i\u00e7in i\u015flenme,<\/li><li>\u0130\u015flendikleri ama\u00e7la ba\u011flant\u0131l\u0131, s\u0131n\u0131rl\u0131 ve \u00f6l\u00e7\u00fcl\u00fc olma,<\/li><li>\u0130lgili mevzuatta \u00f6ng\u00f6r\u00fclen veya i\u015flendikleri ama\u00e7 i\u00e7in gerekli olan s\u00fcre kadar muhafaza edilme.<\/li><\/ul>\n\n\n\n<p><strong>3.2. Ki\u015fisel Verilerin \u0130\u015flenme Ama\u00e7lar\u0131 ve Ki\u015fisel Verilerin \u0130\u015flenmesine \u0130li\u015fkin Ayd\u0131nlatma Metni<\/strong><\/p>\n\n\n\n<p>Ki\u015fisel verilerinizi taraf\u0131n\u0131zdan istenen hizmetlerin sa\u011flanmas\u0131, taleplerinizin al\u0131nmas\u0131 ve bu kapsamda sizinle ileti\u015fim kurulmas\u0131 gibi ama\u00e7larla kullan\u0131yoruz. Bu ama\u00e7lar a\u015fa\u011f\u0131dakilerle s\u0131n\u0131rl\u0131 olmamak \u00fczere \u015fu \u015fekilde detayland\u0131r\u0131labilir:<\/p>\n\n\n\n<ul class=\"wp-block-list\"><li>Faaliyetlerin mevzuata uygun y\u00fcr\u00fct\u00fclmesi<\/li><li>Finans ve muhasebe i\u0307\u015flerinin y\u00fcr\u00fct\u00fclmesi<\/li><li>Firma \/ \u00fcr\u00fcn \/ hizmetlere ba\u011fl\u0131l\u0131k s\u00fcre\u00e7lerinin y\u00fcr\u00fct\u00fclmesi<\/li><li>\u0130leti\u015fim faaliyetlerinin y\u00fcr\u00fct\u00fclmesi<\/li><li>\u0130\u015f s\u00fcreklili\u011finin sa\u011flanmas\u0131 faaliyetlerinin y\u00fcr\u00fct\u00fclmesi<\/li><li>Lojistik faaliyetlerinin y\u00fcr\u00fct\u00fclmesi<\/li><li>Mal \/ hizmet sat\u0131n al\u0131m, \u00fcretim, pazarlama, sat\u0131\u015f, ve sat\u0131\u015f sonras\u0131 destek hizmetlerinin y\u00fcr\u00fct\u00fclmesi<\/li><li>M\u00fc\u015fteri i\u0307li\u015fkileri y\u00f6netimi s\u00fcre\u00e7lerinin y\u00fcr\u00fct\u00fclmesi<\/li><li>Saklama ve ar\u015fiv faaliyetlerinin y\u00fcr\u00fct\u00fclmesi<\/li><li>S\u00f6zle\u015fme s\u00fcre\u00e7lerinin y\u00fcr\u00fct\u00fclmesi<\/li><li>Talep \/ \u015fikayetlerin takibi<\/li><li>Tedarik zinciri y\u00f6netimi s\u00fcre\u00e7lerinin y\u00fcr\u00fct\u00fclmesi<\/li><li>Veri sorumlusu operasyonlar\u0131n\u0131n g\u00fcvenli\u011finin temini yetkili ki\u015fi, kurum ve kurulu\u015flara bilgi verilmesi<\/li><\/ul>\n\n\n\n<p>ubm14.com taraf\u0131ndan i\u015fbu Politika d\u0131\u015f\u0131nda verilerin i\u015flenmesi, g\u00fcvenli\u011fi, gizlili\u011fi vb. hususlarda ba\u015fka politikalar veya prosed\u00fcrler de belirlenmi\u015f olabilir. Bu nedenle di\u011fer hukuki metinleri de incelemenizi tavsiye ederiz.<\/p>\n\n\n\n<p>KVKK kapsam\u0131nda hangi t\u00fcr ki\u015fisel verilerinizin (veri kategorisi) veri sorumlusu s\u0131fat\u0131 ile ubm14.com taraf\u0131ndan hangi ama\u00e7larla ve hangi hukuki sebeplerle i\u015flendi\u011fi ve aktar\u0131ld\u0131\u011f\u0131, ki\u015fisel verilerinizin hangi taraflara aktar\u0131ld\u0131\u011f\u0131, ki\u015fisel verilerinize ili\u015fkin haklar\u0131n\u0131z\u0131n neler oldu\u011fu ile ilgili detayl\u0131 bilgi almak i\u00e7in l\u00fctfen KVKK ile ilgili mevzuat ve yasal d\u00fczenlemelerden kaynaklanan faaliyetlerimiz \u00e7er\u00e7evesinde veri sahibi ilgili ki\u015fileri ayd\u0131nlatmak amac\u0131yla haz\u0131rlad\u0131\u011f\u0131m\u0131z Ki\u015fisel Verilerin \u0130\u015flenmesine \u0130li\u015fkin Ayd\u0131nlatma Metni\u2019ni okuyunuz.<\/p>\n\n\n\n<p><strong>4. Ki\u015fisel Verilerin Saklanmas\u0131 ve \u0130mhas\u0131<\/strong><\/p>\n\n\n\n<p>Ayr\u0131ca; \u015eirketimiz ki\u015fisel verileri saklama ve imha i\u015flemleri i\u00e7in bir Saklama ve \u0130mha Politikas\u0131 olu\u015fturmu\u015ftur. Ki\u015fisel verilerinize ili\u015fkin saklama ve imha i\u015flemleri bu politika kapsam\u0131nda ger\u00e7ekle\u015ftirilmektedir. Buna g\u00f6re KVKK\u2019da veya ilgili kanunlar ile sair ilgili mevzuatta verinin saklanmas\u0131 i\u00e7in bir s\u00fcre belirlenmi\u015fse, s\u00f6z konusu veri en az bu s\u00fcre kadar saklanmak zorundad\u0131r.<\/p>\n\n\n\n<p>Mevzuatta i\u015fledi\u011fimiz verinin saklanma s\u00fcresine y\u00f6nelik bir s\u00fcre \u00f6ng\u00f6r\u00fclmemi\u015f ise aram\u0131zdaki ili\u015fkinin gere\u011fi olarak olas\u0131 uyu\u015fmazl\u0131klar da g\u00f6z \u00f6n\u00fcne al\u0131narak hukuki ili\u015fkimizin sona ermesinden itibaren 10 y\u0131ll\u0131k dava zamana\u015f\u0131m\u0131 s\u00fcresinin ge\u00e7mesiyle verileriniz herhangi bir talebinize gerek olmadan silinir, yok edilir veya anonim hale getirilir.<\/p>\n\n\n\n<p>Ki\u015fisel verilerin i\u015fleme \u015fartlar\u0131n\u0131n tamam\u0131 ortadan kalkm\u0131\u015f ya da taraf\u0131m\u0131zca beyan edilen veya mevzuat kapsam\u0131nda belirlenen saklama s\u00fcresi dolmu\u015f ise verileriniz, ilk periyodik imha tarihinde veya en ge\u00e7 6 ay i\u00e7erisinde re\u2019sen silinir, yok edilir veya anonim hale getirilir. Ge\u00e7erli bir sebep ile verilerinizin silinmesine dair talepte bulunman\u0131z halinde ise verileriniz yasal olarak m\u00fcmk\u00fcn oldu\u011fu nispette en ge\u00e7 30 g\u00fcn i\u00e7erisinde silinir. Saklama s\u00fcresi mevzuatta belirlenmi\u015f verilerinizin \u00f6ng\u00f6r\u00fclen s\u00fcrelerden \u00f6nce silinmesini veya imha edilmesini talep etmeniz halinde s\u00f6z konusu talebiniz ger\u00e7ekle\u015ftirilemeyecektir.<\/p>\n\n\n\n<p><strong>\u00c7erezler Vas\u0131tas\u0131yla Toplanan Veriler<\/strong><\/p>\n\n\n\n<p>\u00c7erezler, bir internet sitesi ziyaret edildi\u011finde ziyaret\u00e7inin cihaz\u0131nda (\u00f6rne\u011fin bilgisayar veya telefon) depolanan ve isim-de\u011fer format\u0131nda veri bar\u0131nd\u0131rabilen k\u00fc\u00e7\u00fck metin dosyalar\u0131d\u0131r. Bu vesileyle internet sitesine\/sitelerine ziyaretin ger\u00e7ekle\u015ftirildi\u011fi cihaz ve ilgili kullan\u0131c\u0131 hakk\u0131nda \u00e7e\u015fitli bilgiler elde edilebilmektedir. \u0130nternet sitemizde kullan\u0131lan \u00e7erezlerle ilgili detayl\u0131 bilgi i\u00e7in \u00c7erez Politikas\u0131\u2019n\u0131 inceleyebilirsiniz.<\/p>\n\n\n\n<p><strong>5. Kredi Kart\u0131 G\u00fcvenli\u011fi<\/strong><\/p>\n\n\n\n<p>biy14; www.ubm14.com sitesinden al\u0131\u015fveri\u015f yapan kredi kart\u0131 sahiplerinin g\u00fcvenli\u011fini ilk planda tutmaktad\u0131r. ubm14.com verilen sipari\u015flerin \u00f6deme\/fatura\/teslimat adresi bilgilerinin kontrol\u00fcn\u00fc ger\u00e7ekle\u015ftirir. Bu y\u00fczden \u00f6rne\u011fin ilk defa sipari\u015f veren ki\u015filerin sipari\u015flerinin, tedarik ve teslimat a\u015famas\u0131na gelebilmesi i\u00e7in \u00f6ncelikle finansal bilgilerin banka taraf\u0131ndan do\u011frulu\u011funun onaylanmas\u0131 gerekmektedir, bu bilgilerin kontrol\u00fc i\u00e7in gerekirse kredi kart\u0131 sahibi m\u00fc\u015fterilerle irtibata ge\u00e7ilmektedir.<\/p>\n\n\n\n<p>www.ubm14.com uluslarars\u0131 g\u00fcvenlik standartlar\u0131na uygun \u00f6deme altyap\u0131s\u0131 olan ptt sanal entegrasyonunu kullanmaktad\u0131r. Al\u0131\u015fveri\u015f s\u0131ras\u0131nda kullan\u0131lan kredi kart\u0131 ile ilgili bilgiler siteden ba\u011f\u0131ms\u0131z olarak ptt sanal pos entegrasyonu ile \u00f6deme al\u0131n\u0131r.<\/p>\n\n\n\n<p>3D G\u00fcvenli \u00d6deme; internet \u00fczerinden yap\u0131lan kredi ve banka kart\u0131 i\u015flemleri i\u00e7in ek bir g\u00fcvenlik katman\u0131 olarak tasarlanm\u0131\u015f protokoldur.<\/p>\n\n\n\n<p>Bu protokolde al\u0131\u015fveri\u015f yapan ki\u015fi www.ubm14.com \u00fczerinden kredi kart\u0131 ile \u00f6deme i\u015flemini ger\u00e7ekle\u015ftirmek i\u00e7in se\u00e7imini yapt\u0131\u011f\u0131nda kredi kart\u0131na tan\u0131ml\u0131 olan telefon numaras\u0131na ilgili banka taraf\u0131ndan bir \u015fifre g\u00f6nderilir. G\u00f6nderilen bu \u015fifre tek kullan\u0131ml\u0131kt\u0131r ve bu nedenle ba\u015fka bir zamanda kullan\u0131lamaz. \u0130\u015flem ancak ki\u015fi bankadan cep telefonuna gelen kodu girdi\u011finde onaylan\u0131r.<\/p>\n\n\n\n<p><strong>6. \u00dc\u00e7\u00fcnc\u00fc Taraf \u0130nternet Sitelerine Verilen Linkler<\/strong><\/p>\n\n\n\n<p>Sitemiz, \u00fc\u00e7\u00fcnc\u00fc taraflar\u0131n internet sitelerine ait ba\u011flant\u0131lar i\u00e7erebilir. Bu gibi hallerde \u00fc\u00e7\u00fcnc\u00fc taraflarca veri toplanmas\u0131, i\u015flenmesi, payla\u015f\u0131lmas\u0131 veya aktar\u0131m\u0131 sorumlulu\u011fumuzun d\u0131\u015f\u0131ndad\u0131r. \u00dc\u00e7\u00fcnc\u00fc taraf siteleri kullan\u0131m\u0131n\u0131z ve bu sitelerle veri payla\u015f\u0131m\u0131n\u0131z, bu sitelerdeki gizlilik politikas\u0131 ve kullan\u0131m \u015fartlar\u0131na tabi olup i\u015fbu Politika\u2019n\u0131n kapsam\u0131 d\u0131\u015f\u0131ndad\u0131r. Ki\u015fisel verilerinizi payla\u015fmadan \u00f6nce ziyaret etti\u011finiz internet sitelerinin gizlilik politikalar\u0131n\u0131 okuman\u0131z\u0131 \u00f6neririz.<\/p>\n\n\n\n<p>ubm14.com; kredi kart\u0131 ve hesap bilgilerinizi ya da \u015fifrelerinizi talep eden elektronik posta ve SMS\u2019ler g\u00f6ndermemektedir. Bu sebepleubm14.com ismi ve logosu kullan\u0131larak; ki\u015fisel bilgileriniz ile kredi kart\u0131 ve hesap bilgilerinizi, \u015fifrelerinizi talep eden e-posta ve SMS\u2019lere kesinlikle itibar edilmemesi gerekmektedir.<\/p>\n\n\n\n<p><strong>7. Politika\u2019n\u0131n G\u00fcncellenmesi<\/strong><\/p>\n\n\n\n<p>\u0130\u015fbu Politika\u2019n\u0131n h\u00fck\u00fcmleri k\u0131smen veya tamamen, internet sitemizde yay\u0131mland\u0131\u011f\u0131 tarihte y\u00fcr\u00fcrl\u00fc\u011fe girmek \u00fczere de\u011fi\u015ftirilebilir ya da yenilenebilir.<\/p>\n\n\n\n<p>Politika\u2019daki de\u011fi\u015fiklikleri takip edebilmeniz ad\u0131na internet sitemizi belirli aral\u0131klarla kontrol etmenizi tavsiye etmekteyiz.<\/p>\n\n\n\n<p><strong>8. Bize Ula\u015f\u0131n<\/strong><\/p>\n\n\n\n<p>\u0130\u015fbu Politika\u2019n\u0131n yorumlanmas\u0131 veya uygulanmas\u0131 ile ilgili sorular\u0131n\u0131z\u0131, \u00e7ekincelerinizi veya \u015fikayetlerinizi;<\/p>\n","protected":false},"excerpt":{"rendered":"<p>1. Giri\u015f ubm14.com, ki\u015fisel verilerinizin gizlili\u011fine \u00f6nem verdi\u011fimiz ve bizimle payla\u015ft\u0131\u011f\u0131n\u0131z bilgilerin ki\u015fisel ve gizli oldu\u011funu kabul etti\u011fimiz i\u00e7in bu hususa hassasiyetle yakla\u015f\u0131yoruz. \u0130\u015fbu Gizlilik Politikas\u0131\u2019n\u0131 (\u201cPolitika\u201d), \u015eirket olarak y\u00f6netti\u011fimiz internet sitesi www.ubm14.com ve uygulamalar (\u201cSitemiz\u201d) \u00fczerinden toplanan verilerin gizlili\u011fi ve g\u00fcvenli\u011fi hakk\u0131nda Sitemizi ziyaret eden kullan\u0131c\u0131lar\u0131m\u0131z\u0131 6698 say\u0131l\u0131 Ki\u015fisel Verilerin Korunmas\u0131 Kanunu (\u201cKVKK\u201d) ve [&hellip;]<\/p>\n","protected":false},"author":3,"featured_media":0,"parent":0,"menu_order":0,"comment_status":"closed","ping_status":"closed","template":"","meta":{"_joinchat":[],"footnotes":""},"class_list":["post-293","page","type-page","status-publish","hentry"],"_links":{"self":[{"href":"https:\/\/www.ubm14.com\/index.php?rest_route=\/wp\/v2\/pages\/293","targetHints":{"allow":["GET"]}}],"collection":[{"href":"https:\/\/www.ubm14.com\/index.php?rest_route=\/wp\/v2\/pages"}],"about":[{"href":"https:\/\/www.ubm14.com\/index.php?rest_route=\/wp\/v2\/types\/page"}],"author":[{"embeddable":true,"href":"https:\/\/www.ubm14.com\/index.php?rest_route=\/wp\/v2\/users\/3"}],"replies":[{"embeddable":true,"href":"https:\/\/www.ubm14.com\/index.php?rest_route=%2Fwp%2Fv2%2Fcomments&post=293"}],"version-history":[{"count":1,"href":"https:\/\/www.ubm14.com\/index.php?rest_route=\/wp\/v2\/pages\/293\/revisions"}],"predecessor-version":[{"id":294,"href":"https:\/\/www.ubm14.com\/index.php?rest_route=\/wp\/v2\/pages\/293\/revisions\/294"}],"wp:attachment":[{"href":"https:\/\/www.ubm14.com\/index.php?rest_route=%2Fwp%2Fv2%2Fmedia&parent=293"}],"curies":[{"name":"wp","href":"https:\/\/api.w.org\/{rel}","templated":true}]}}