{"id":30,"date":"2021-09-04T14:08:49","date_gmt":"2021-09-04T14:08:49","guid":{"rendered":"http:\/\/www.ubm14.com\/?page_id=30"},"modified":"2023-03-29T23:07:01","modified_gmt":"2023-03-29T20:07:01","slug":"ana-sayfa","status":"publish","type":"page","link":"https:\/\/www.ubm14.com\/","title":{"rendered":"Ana Sayfa"},"content":{"rendered":"\n<p>Ofisinizin yard\u0131mc\u0131lar\u0131 olan fotokopi makineleri, yaz\u0131c\u0131lar, faks makineleri ile kar\u015f\u0131la\u015ft\u0131\u011f\u0131n\u0131z t\u00fcm sorunlarda Uluda\u011f B\u00fcro Makineleri olarak yan\u0131n\u0131zday\u0131z.<\/p>\n\n\n\n<p><\/p>\n\n\n\n<div class=\"wp-block-columns is-layout-flex wp-container-core-columns-is-layout-9d6595d7 wp-block-columns-is-layout-flex\">\n<div class=\"wp-block-column is-layout-flow wp-block-column-is-layout-flow\">\n<p><\/p>\n\n\n\n<figure class=\"wp-block-table alignwide has-large-font-size\"><table><tbody><tr><td class=\"has-text-align-center\" data-align=\"center\"><strong><a href=\"https:\/\/www.ubm14.com\/?page_id=239\" data-type=\"page\" data-id=\"239\">FOTOKOP\u0130 SERV\u0130S\u0130<\/a><\/strong><\/td><\/tr><\/tbody><\/table><\/figure>\n\n\n\n<figure class=\"wp-block-image size-full\"><img loading=\"lazy\" decoding=\"async\" width=\"540\" height=\"540\" src=\"https:\/\/www.ubm14.com\/wp-content\/uploads\/2022\/10\/ubm.png\" alt=\"\" class=\"wp-image-407\" srcset=\"https:\/\/www.ubm14.com\/wp-content\/uploads\/2022\/10\/ubm.png 540w, https:\/\/www.ubm14.com\/wp-content\/uploads\/2022\/10\/ubm-300x300.png 300w, https:\/\/www.ubm14.com\/wp-content\/uploads\/2022\/10\/ubm-100x100.png 100w, https:\/\/www.ubm14.com\/wp-content\/uploads\/2022\/10\/ubm-150x150.png 150w, https:\/\/www.ubm14.com\/wp-content\/uploads\/2022\/10\/ubm-48x48.png 48w\" sizes=\"auto, (max-width: 540px) 100vw, 540px\" \/><\/figure>\n<\/div>\n\n\n\n<div class=\"wp-block-column is-layout-flow wp-block-column-is-layout-flow\">\n<p><\/p>\n\n\n\n<figure class=\"wp-block-table alignwide has-large-font-size\"><table><tbody><tr><td class=\"has-text-align-center\" data-align=\"center\"><strong><a href=\"https:\/\/www.ubm14.com\/?page_id=242\" data-type=\"page\" data-id=\"242\">YAZICI SERV\u0130S\u0130<\/a><\/strong><\/td><\/tr><\/tbody><\/table><\/figure>\n\n\n\n<figure class=\"wp-block-image size-full is-resized\"><img loading=\"lazy\" decoding=\"async\" src=\"http:\/\/www.ubm14.com\/wp-content\/uploads\/2021\/09\/canon-pixma-e414-inkjet-cok-fonksiyonlu-renkli-yazici-zoom-1.webp\" alt=\"\" class=\"wp-image-73\" width=\"363\" height=\"363\"\/><\/figure>\n<\/div>\n<\/div>\n\n\n\n<hr class=\"wp-block-separator has-alpha-channel-opacity\"\/>\n\n\n\n<div class=\"wp-block-columns is-layout-flex wp-container-core-columns-is-layout-9d6595d7 wp-block-columns-is-layout-flex\">\n<div class=\"wp-block-column is-layout-flow wp-block-column-is-layout-flow\">\n<p class=\"has-text-align-center has-background has-medium-font-size\" style=\"background:linear-gradient(198deg,rgb(255,245,203) 0%,rgb(182,227,212) 50%,rgb(51,167,181) 100%)\">KOPYA BA\u015eI MAK\u0130NELER<\/p>\n<\/div>\n\n\n\n<div class=\"wp-block-column is-layout-flow wp-block-column-is-layout-flow\">\n<p class=\"has-text-align-center has-background has-medium-font-size\" style=\"background:radial-gradient(rgb(255,245,203) 0%,rgb(182,227,212) 50%,rgb(51,167,181) 100%)\"><a href=\"https:\/\/www.ubm14.com\/?post_type=product\">SARF MALZEMELER<\/a><\/p>\n<\/div>\n<\/div>\n\n\n\n<div class=\"wp-block-columns is-layout-flex wp-container-core-columns-is-layout-9d6595d7 wp-block-columns-is-layout-flex\">\n<div class=\"wp-block-column is-layout-flow wp-block-column-is-layout-flow\"><div class=\"wp-block-image is-style-default\">\n<figure class=\"aligncenter size-full is-resized\"><img loading=\"lazy\" decoding=\"async\" src=\"https:\/\/www.ubm14.com\/wp-content\/uploads\/2022\/10\/kopya-basi.png\" alt=\"\" class=\"wp-image-504\" width=\"403\" height=\"403\" srcset=\"https:\/\/www.ubm14.com\/wp-content\/uploads\/2022\/10\/kopya-basi.png 580w, https:\/\/www.ubm14.com\/wp-content\/uploads\/2022\/10\/kopya-basi-300x300.png 300w, https:\/\/www.ubm14.com\/wp-content\/uploads\/2022\/10\/kopya-basi-150x150.png 150w, https:\/\/www.ubm14.com\/wp-content\/uploads\/2022\/10\/kopya-basi-100x100.png 100w, https:\/\/www.ubm14.com\/wp-content\/uploads\/2022\/10\/kopya-basi-48x48.png 48w\" sizes=\"auto, (max-width: 403px) 100vw, 403px\" \/><figcaption class=\"wp-element-caption\"><strong><sub>YAKINDA<\/sub><\/strong><\/figcaption><\/figure>\n<\/div><\/div>\n\n\n\n<div class=\"wp-block-column is-layout-flow wp-block-column-is-layout-flow\"><div class=\"wp-block-image\">\n<figure class=\"aligncenter size-full\"><img loading=\"lazy\" decoding=\"async\" width=\"800\" height=\"600\" src=\"https:\/\/www.ubm14.com\/wp-content\/uploads\/2022\/10\/sarf.jpg\" alt=\"\" class=\"wp-image-480\" srcset=\"https:\/\/www.ubm14.com\/wp-content\/uploads\/2022\/10\/sarf.jpg 800w, https:\/\/www.ubm14.com\/wp-content\/uploads\/2022\/10\/sarf-600x450.jpg 600w, https:\/\/www.ubm14.com\/wp-content\/uploads\/2022\/10\/sarf-300x225.jpg 300w, https:\/\/www.ubm14.com\/wp-content\/uploads\/2022\/10\/sarf-768x576.jpg 768w, https:\/\/www.ubm14.com\/wp-content\/uploads\/2022\/10\/sarf-48x36.jpg 48w\" sizes=\"auto, (max-width: 800px) 100vw, 800px\" \/><\/figure>\n<\/div><\/div>\n<\/div>\n\n\n\n<div class=\"wp-block-columns is-layout-flex wp-container-core-columns-is-layout-9d6595d7 wp-block-columns-is-layout-flex\">\n<div class=\"wp-block-column is-layout-flow wp-block-column-is-layout-flow\"><\/div>\n\n\n\n<div class=\"wp-block-column is-layout-flow wp-block-column-is-layout-flow\"><\/div>\n<\/div>\n","protected":false},"excerpt":{"rendered":"<p>Ofisinizin yard\u0131mc\u0131lar\u0131 olan fotokopi makineleri, yaz\u0131c\u0131lar, faks makineleri ile kar\u015f\u0131la\u015ft\u0131\u011f\u0131n\u0131z t\u00fcm sorunlarda Uluda\u011f B\u00fcro Makineleri olarak yan\u0131n\u0131zday\u0131z. FOTOKOP\u0130 SERV\u0130S\u0130 YAZICI SERV\u0130S\u0130 KOPYA BA\u015eI MAK\u0130NELER SARF MALZEMELER<\/p>\n","protected":false},"author":1,"featured_media":0,"parent":0,"menu_order":0,"comment_status":"closed","ping_status":"closed","template":"","meta":{"_joinchat":[],"footnotes":""},"class_list":["post-30","page","type-page","status-publish","hentry"],"_links":{"self":[{"href":"https:\/\/www.ubm14.com\/index.php?rest_route=\/wp\/v2\/pages\/30","targetHints":{"allow":["GET"]}}],"collection":[{"href":"https:\/\/www.ubm14.com\/index.php?rest_route=\/wp\/v2\/pages"}],"about":[{"href":"https:\/\/www.ubm14.com\/index.php?rest_route=\/wp\/v2\/types\/page"}],"author":[{"embeddable":true,"href":"https:\/\/www.ubm14.com\/index.php?rest_route=\/wp\/v2\/users\/1"}],"replies":[{"embeddable":true,"href":"https:\/\/www.ubm14.com\/index.php?rest_route=%2Fwp%2Fv2%2Fcomments&post=30"}],"version-history":[{"count":40,"href":"https:\/\/www.ubm14.com\/index.php?rest_route=\/wp\/v2\/pages\/30\/revisions"}],"predecessor-version":[{"id":594,"href":"https:\/\/www.ubm14.com\/index.php?rest_route=\/wp\/v2\/pages\/30\/revisions\/594"}],"wp:attachment":[{"href":"https:\/\/www.ubm14.com\/index.php?rest_route=%2Fwp%2Fv2%2Fmedia&parent=30"}],"curies":[{"name":"wp","href":"https:\/\/api.w.org\/{rel}","templated":true}]}}